{"id":49,"date":"2023-12-20T16:13:06","date_gmt":"2023-12-20T16:13:06","guid":{"rendered":"https:\/\/latkaleca.pl\/?page_id=49"},"modified":"2023-12-20T16:13:06","modified_gmt":"2023-12-20T16:13:06","slug":"polityka-prywatnosci-i-plikow-cookies","status":"publish","type":"page","link":"https:\/\/latkaleca.pl\/index.php\/polityka-prywatnosci-i-plikow-cookies\/","title":{"rendered":"Polityka prywatno\u015bci i plik\u00f3w Cookies"},"content":{"rendered":"<p class=\"western\">Ochrona prywatno\u015bci u\u017cytkownik\u00f3w serwisu https:\/\/latkaleca.pl\/ ma dla nas ogromne znaczenie. W zwi\u0105zku z tym publikujemy poni\u017csz\u0105 polityk\u0119 prywatno\u015bci i plik\u00f3w cookies, opisuj\u0105c\u0105 zasady post\u0119powania z danymi osobowymi oraz wykorzystywania plik\u00f3w cookies i innych technologii w ramach strony internetowej https:\/\/latkaleca.pl\/<\/p>\n<p>Administratorem strony jest Dorota Trzci\u0144ska-Sieracka<strong>,<\/strong> prowadz\u0105ca dzia\u0142alno\u015b\u0107 gospodarcz\u0105 pod nazw\u0105 \u201enapiszemy.pl Dorota Trzci\u0144ska-Sieracka\u201d, ul. Jana Brzechwy 3\/23 85-792 Bydgoszcz, 9532448645.<\/p>\n<p>Kontakt z administratorem mo\u017cliwy jest pod adresem e-mail kontakt@kobietytomy.pl.<\/p>\n<p align=\"CENTER\"><strong>\u00a7 1<br \/>\nDefinicje<\/strong><\/p>\n<p align=\"JUSTIFY\"><strong>W poni\u017cszej polityce prywatno\u015bci przyjmuje si\u0119 rozumienie definicji takie, jak poni\u017cej<\/strong><\/p>\n<ol>\n<li>Administrator \u2013 Dorota Trzci\u0144ska-Sieracka<strong>,<\/strong> prowadz\u0105ca dzia\u0142alno\u015b\u0107 gospodarcz\u0105 jako firma pod nazw\u0105 \u201enapiszemy.pl Dorota Trzci\u0144ska-Sieracka\u201d, ul. Brzechwy 3\/23, NIP: 9532448645,<\/li>\n<li>Strona \u2013 strona internetowa dost\u0119pna pod adresem https:\/\/latkaleca.pl\/,<\/li>\n<li>U\u017cytkownik \u2013 ka\u017cdy podmiot, kt\u00f3ry korzysta ze Strony.<\/li>\n<\/ol>\n<p align=\"CENTER\"><strong>\u00a7 2<\/strong><br \/>\n<strong>Dane osobowe<\/strong><\/p>\n<ol>\n<li>U\u017cytkownik mo\u017ce przekazywa\u0107 swoje dane osobowe Administratorowi za pomoc\u0105 formularzy dost\u0119pnych na Stronie, takich jak formularz dodania komentarza, a tak\u017ce podczas zapisu na newsletter (podanie imienia i adresu e-mail).<\/li>\n<li>Administratorem danych osobowych U\u017cytkownika jest Administrator.<\/li>\n<li>Dane przekazane Administratorowi w ramach formularza dodawania komentarza \u2013 imi\u0119, nazwa strony (nieobowi\u0105zkowo) i adres e-mail \u2013 s\u0142u\u017c\u0105 wy\u015bwietleniu komentarza pod wpisem. Przy czym adres e-mail nie jest publikowany. Dane podczas zapisu na newsletter \u2013 imi\u0119 i adres e-mail \u2013 podawane nieobowi\u0105zkowo. W celu wysy\u0142ki newslettera. Dane te nie s\u0105 przekazywane innym podmiotom.<\/li>\n<li>Podanie danych jest dobrowolne, korzystanie z serwisu nie jest r\u00f3wnoznaczne z dodaniem komentarza na stronie ani z zapisaniem na newsletter.<\/li>\n<li>Administrator nie udost\u0119pnia, nie sprzedaje i nie u\u017cycza przekazanych mu danych jakimkolwiek podmiotom trzecim. Mo\u017cemy jedynie udost\u0119pni\u0107 og\u00f3lne, zbiorcze informacje o u\u017cytkownikach strony podmiotom wsp\u00f3\u0142pracuj\u0105cym, w tym agencjom reklamowym. Opracowania te zawieraj\u0105 og\u00f3lne informacje dotycz\u0105ce ogl\u0105dalno\u015bci strony i nie zawieraj\u0105 informacji pozwalaj\u0105cych na identyfikacj\u0119 u\u017cytkownik\u00f3w strony.<\/li>\n<li>Dane osobowe s\u0105 gromadzone z nale\u017cyt\u0105 staranno\u015bci\u0105 i odpowiednio chronione przed dost\u0119pem do nich przez osoby do tego nieupowa\u017cnione.<\/li>\n<li>U\u017cytkownikowi przys\u0142uguj\u0105 nast\u0119puj\u0105ce uprawnienia:\n<ul>\n<li>prawo do \u017c\u0105dania dost\u0119pu do swoich danych, ich zmiany, usuni\u0119cia lub ograniczenia przetwarzania,<\/li>\n<\/ul>\n<\/li>\n<\/ol>\n<ol>\n<li style=\"list-style-type: none;\">\n<ul>\n<li>prawo do przenoszenia danych,<\/li>\n<\/ul>\n<\/li>\n<\/ol>\n<ol>\n<li style=\"list-style-type: none;\">\n<ul>\n<li>prawo do wniesienia sprzeciwu wobec przetwarzania,<\/li>\n<li>prawo do cofni\u0119cia zgody na przetwarzanie danych osobowych w okre\u015blonym celu, je\u017celi U\u017cytkownik uprzednio tak\u0105 zgod\u0119 wyrazi\u0142,<\/li>\n<li>prawo do wniesienia skargi do organu nadzorczego w zwi\u0105zku z przetwarzaniem danych osobowych przez Administratora<\/li>\n<\/ul>\n<\/li>\n<li>Administrator informuje niniejszym U\u017cytkownika, \u017ce powierza przetwarzanie danych osobowych nast\u0119puj\u0105cym podmiotom:\n<ul>\n<li>OVHcloud, https:\/\/www.ovhcloud.com\/en\/contact\/\u2013 w celu przechowywania danych osobowych na serwerze,<\/li>\n<li>Google LLC \u2013 do personalizowania tre\u015bci i reklam wy\u015bwietlanych na stronie. Pliki cookie mog\u0105 by\u0107 u\u017cywane do reklam spersonalizowanych i niespersonalizowanych (<a href=\"https:\/\/policies.google.com\/technologies\/partner-sites\">https:\/\/policies.google.com\/technologies\/partner-sites<\/a>).<\/li>\n<li>IFIRMA SA, ul Grabiszy\u0144skiej 241 B, we Wroc\u0142awiu (kod pocztowy: 53-234), <span style=\"font-family: Times New Roman, serif;\"><span style=\"font-size: large;\">NIP: 898-16-47-572, REGON: 931082394, Nr KRS:0000281947<\/span><\/span>\u2013 w celu korzystania z us\u0142ug ksi\u0119gowych \u015bwiadczonych przez zewn\u0119trzne biuro rachunkowe,<\/li>\n<li>Google Gmail \u2013 aby m\u00f3c kontaktowa\u0107 si\u0119 w bezpieczny spos\u00f3b, gwarantowany przez polityk\u0119 prywatno\u015bci firmy Google\u00a0https:\/\/policies.google.com\/privacy\/update?hl=pl,<\/li>\n<li>WordPress \u2013 w celu u\u0142atwienia komentowania na stronie w bezpieczny spos\u00f3b, dzi\u0119ki polityce prywatno\u015bci https:\/\/automattic.com\/privacy\/<\/li>\n<li>WhitePress sp. z o.o., <a href=\"https:\/\/maps.google.com\/?q=ul.+Legion\u00f3w+26&amp;entry=gmail&amp;source=g\">ul. Legion\u00f3w 26<\/a>-28, 43-300 Bielsko-Bia\u0142a<br \/>\nlink do\u00a0polityki prywatno\u015bci:\u00a0<a href=\"https:\/\/www.whitepress.pl\/polityka-prywatnosci\" target=\"_blank\" rel=\"noopener\">https:\/\/www.whitepress.pl\/polityka-prywatnosci<\/a><\/li>\n<\/ul>\n<\/li>\n<\/ol>\n<p align=\"CENTER\"><strong>\u00a7 3<br \/>\nPliki cookies<\/strong><\/p>\n<ol>\n<li>Administrator wykorzystuje pliki cookies (ciasteczka), czyli niewielkie dane informatyczne, informacje tekstowe zapisywane przez serwery, przechowywane na urz\u0105dzeniu ko\u0144cowym U\u017cytkownika (np. komputerze, tablecie, telefonie). Cookies mog\u0105 by\u0107 odczytywane przez system teleinformatyczny Administratora. Pliki cookies s\u0142u\u017c\u0105 do lepszego przygotowywania zawarto\u015bci strony, jej optymalizacji, tworzenia statystyk i dostarczenia tre\u015bci reklamowych dostosowanych do ich zainteresowa\u0144 (gromadzenie, udost\u0119pnianie i wykorzystywanie danych osobowych do personalizowania reklam);<\/li>\n<li>Administrator przechowuje pliki cookies na urz\u0105dzeniu ko\u0144cowym U\u017cytkownika, a nast\u0119pnie uzyskuje dost\u0119p do informacji w nich zawartych w celach statystycznych, w celach marketingowych oraz w celu zapewnienia prawid\u0142owego dzia\u0142ania Strony.<\/li>\n<li>Administrator informuje niniejszym U\u017cytkownika, \u017ce istnieje mo\u017cliwo\u015b\u0107 takiej konfiguracji przegl\u0105darki internetowej, kt\u00f3ra uniemo\u017cliwia przechowywanie plik\u00f3w cookies na urz\u0105dzeniu ko\u0144cowym U\u017cytkownika. W takiej sytuacji, korzystanie ze Strony przez U\u017cytkownika mo\u017ce by\u0107 utrudnione.<\/li>\n<li>Administrator wskazuje niniejszym, \u017ce pliki cookies mog\u0105 by\u0107 przez U\u017cytkownika usuni\u0119te po ich zapisaniu przez Administratora, poprzez odpowiednie funkcje przegl\u0105darki internetowej, programy s\u0142u\u017c\u0105ce w tym celu lub skorzystanie z odpowiednich narz\u0119dzi dost\u0119pnych w ramach systemu operacyjnego, z kt\u00f3rego korzysta U\u017cytkownik.<\/li>\n<\/ol>\n<p align=\"CENTER\"><strong>\u00a7 4<br \/>\nInne technologie<\/strong><\/p>\n<p>Administrator informuje niniejszym U\u017cytkownika, \u017ce stosuje nast\u0119puj\u0105ce technologie \u015bledz\u0105ce dzia\u0142ania podejmowane przez U\u017cytkownika w ramach Strony:<\/p>\n<ul>\n<li>piksel konwersji Facebooka \u2013 w celu zarz\u0105dzania reklamami na Facebooku i prowadzenia dzia\u0142a\u0144 remarketingowych, <span style=\"font-family: Times New Roman, serif;\"><span style=\"font-size: large;\">administrator cookies: Facebook Inc z siedzib\u0105 w USA lub Facebook Ireland z siedzib\u0105 w Irlandii<\/span><\/span><\/li>\n<li>kod \u015bledzenia Google Analitycs \u2013 w celu analizy statystyk Strony.<\/li>\n<\/ul>\n<div id=\"privacy-settings-accordion-block-wp-smush\" dir=\"LTR\">\n<p>&nbsp;<\/p>\n<\/div>\n<ul>\n<li>&nbsp;<\/li>\n<\/ul>\n<p align=\"CENTER\"><strong>\u00a7 5<\/strong><br \/>\n<strong>Logi serwera<\/strong><\/p>\n<ol>\n<li>Korzystanie ze Strony wi\u0105\u017ce si\u0119 z przesy\u0142aniem zapyta\u0144 do serwera, na kt\u00f3rym przechowywana jest Strona.<\/li>\n<li>Ka\u017cde zapytanie skierowane do serwera zapisywane jest w logach serwera. Logi obejmuj\u0105 m.in. adres IP U\u017cytkownika, dat\u0119 i czas serwera, informacje o przegl\u0105darce internetowej i systemie operacyjnym, z jakiego korzysta U\u017cytkownik.<\/li>\n<li>Logi zapisywane i przechowywane s\u0105 na serwerze.<\/li>\n<li>Dane zapisane w logach serwera nie s\u0105 kojarzone z konkretnymi osobami korzystaj\u0105cymi ze Strony i nie s\u0105 wykorzystywane przez Administratora w celu identyfikacji U\u017cytkownika.<\/li>\n<li>Logi serwera stanowi\u0105 wy\u0142\u0105cznie materia\u0142 pomocniczy s\u0142u\u017c\u0105cy do administrowania Stron\u0105, a ich zawarto\u015b\u0107 nie jest ujawniana nikomu poza osobami upowa\u017cnionymi do administrowania serwerem.<\/li>\n<\/ol>\n<h3 class=\"western\"><strong>WordPress<\/strong><\/h3>\n<p>Adres naszej strony internetowej to: https:\/\/latkaleca.pl\/<\/p>\n<h4 class=\"western\">Komentarze<\/h4>\n<p>Kiedy odwiedzaj\u0105cy witryn\u0119 zostawia komentarz, zbieramy dane widoczne w formularzu komentowania, jak i adres IP odwiedzaj\u0105cego oraz podpis jego przegl\u0105darki jako pomoc przy wykrywaniu spamu.<\/p>\n<p>Zanonimizowany ci\u0105g znak\u00f3w stworzony na podstawie twojego adresu e-mail (tak zwany hash) mo\u017ce zosta\u0107 przes\u0142any do us\u0142ugi Gravatar w celu sprawdzenia czy jej u\u017cywasz. Polityka prywatno\u015bci us\u0142ugi Gravatar jest dost\u0119pna tutaj: https:\/\/automattic.com\/privacy\/. Po zatwierdzeniu komentarza tw\u00f3j obrazek profilowy jest widoczny publicznie w kontek\u015bcie twojego komentarza.<\/p>\n<h4 class=\"western\">Media<\/h4>\n<p>Je\u015bli jeste\u015b zarejestrowanym u\u017cytkownikiem i wgrywasz na witryn\u0119 obrazki, powiniene\u015b unika\u0107 przesy\u0142ania obrazk\u00f3w z tagami EXIF lokalizacji. Odwiedzaj\u0105cy stron\u0119 mog\u0105 pobra\u0107 i odczyta\u0107 pe\u0142ne dane lokalizacyjne z obrazk\u00f3w w witrynie.<\/p>\n<h4 class=\"western\">Ciasteczka<\/h4>\n<p><span style=\"font-size: large;\">Je\u015bli zostawisz na naszej witrynie komentarz, b\u0119dzie mo\u017cna wybra\u0107 opcj\u0119 zapisu twojej nazwy, adresu e-mail i adresu strony internetowej w ciasteczkach, dzi\u0119ki kt\u00f3rym podczas pisania kolejnych komentarzy powy\u017csze informacje b\u0119d\u0105 ju\u017c dogodnie uzupe\u0142nione. Ciasteczka wygasaj\u0105 po roku.<\/span><\/p>\n<p>Je\u015bli odwiedzisz stron\u0119 logowania, utworzymy tymczasowe ciasteczko na potrzeby sprawdzenia czy twoja przegl\u0105darka akceptuje ciasteczka. Nie zawiera ono \u017cadnych danych osobistych i zostanie usuni\u0119te, kiedy przegl\u0105darka zostanie zamkni\u0119ta.<\/p>\n<p>Podczas logowania tworzymy dodatkowo kilka ciasteczek potrzebnych do zapisu twoich informacji logowania oraz wybranych opcji ekranu. Ciasteczka logowania wygasaj\u0105 po dw\u00f3ch dniach, a opcji ekranu po roku. Je\u015bli zaznaczysz opcj\u0119 \u201ePami\u0119taj mnie\u201d, logowanie wyga\u015bnie po dw\u00f3ch tygodniach. Je\u015bli wylogujesz si\u0119 ze swojego konta, ciasteczka logowania zostan\u0105 usuni\u0119te.<\/p>\n<p>Je\u015bli zmodyfikujesz albo opublikujesz artyku\u0142, w twojej przegl\u0105darce zostanie zapisane dodatkowe ciasteczko. To ciasteczko nie zawiera \u017cadnych danych osobistych, wskazuj\u0105c po prostu na identyfikator przed chwil\u0105 edytowanego artyku\u0142u. Wygasa ono po 1 dniu.<\/p>\n<h4 class=\"western\">Osadzone tre\u015bci z innych witryn<\/h4>\n<p>Artyku\u0142y na tej witrynie mog\u0105 zawiera\u0107 osadzone tre\u015bci (np. filmy, obrazki, artyku\u0142y itp.). Osadzone tre\u015bci z innych witryn zachowuj\u0105 si\u0119 analogicznie do tego, jakby u\u017cytkownik odwiedzi\u0142 bezpo\u015brednio konkretn\u0105 witryn\u0119.<\/p>\n<p>Witryny mog\u0105 zbiera\u0107 informacje o tobie, u\u017cywa\u0107 ciasteczek, do\u0142\u0105cza\u0107 dodatkowe, zewn\u0119trzne systemy \u015bledzenia i monitorowa\u0107 twoje interakcje z osadzonym materia\u0142em, w\u0142\u0105czaj\u0105c w to \u015bledzenie twoich interakcji z osadzonym materia\u0142em je\u015bli posiadasz konto i jeste\u015b zalogowany w tamtej witrynie.<\/p>\n<h4 class=\"western\">Z kim dzielimy si\u0119 danymi<\/h4>\n<p>Je\u015bli za\u017c\u0105dasz zresetowania has\u0142a, tw\u00f3j adres IP zostanie do\u0142\u0105czony do wysy\u0142anej wiadomo\u015bci.<\/p>\n<h4 class=\"western\">Jak d\u0142ugo przechowujemy twoje dane<\/h4>\n<p>Je\u015bli zostawisz komentarz, jego tre\u015b\u0107 i metadane b\u0119d\u0105 przechowywane przez czas nieokre\u015blony. Dzi\u0119ki temu jeste\u015bmy w stanie rozpoznawa\u0107 i zatwierdza\u0107 kolejne komentarze automatycznie, bez wysy\u0142ania ich do ka\u017cdorazowej moderacji.<\/p>\n<p>Dla u\u017cytkownik\u00f3w kt\u00f3rzy zarejestrowali si\u0119 na naszej stronie internetowej (je\u015bli tacy s\u0105), przechowujemy r\u00f3wnie\u017c informacje osobiste wprowadzone w profilu. Ka\u017cdy u\u017cytkownik mo\u017ce dokona\u0107 wgl\u0105du, korekty albo skasowa\u0107 swoje informacje osobiste w dowolnej chwili (nie licz\u0105c nazwy u\u017cytkownika, kt\u00f3rej nie mo\u017cna zmieni\u0107). Administratorzy strony r\u00f3wnie\u017c mog\u0105 przegl\u0105da\u0107 i modyfikowa\u0107 te informacje.<\/p>\n<h4 class=\"western\">Jakie masz prawa do swoich danych<\/h4>\n<p>Je\u015bli masz konto u\u017cytkownika albo doda\u0142e\u015b komentarze w tej witrynie, mo\u017cesz za\u017c\u0105da\u0107 dostarczenia pliku z wyeksportowanym kompletem twoich danych osobistych b\u0119d\u0105cych w naszym posiadaniu, w tym ca\u0142o\u015b\u0107 tych dostarczonych przez ciebie. Mo\u017cesz r\u00f3wnie\u017c za\u017c\u0105da\u0107 usuni\u0119cia przez nas ca\u0142o\u015bci twoich danych osobistych w naszym posiadaniu. Nie dotyczy to \u017cadnych danych kt\u00f3re jeste\u015bmy zobligowani zachowa\u0107 ze wzgl\u0119d\u00f3w administracyjnych, prawnych albo bezpiecze\u0144stwa.<\/p>\n<h4 class=\"western\">Gdzie przesy\u0142amy dane<\/h4>\n<p>Komentarze go\u015bci mog\u0105 by\u0107 sprawdzane za pomoc\u0105 automatycznej us\u0142ugi wykrywania spamu.<\/p>\n<h4 class=\"western\">Akismet<\/h4>\n<p>Zbieramy informacje o odwiedzaj\u0105cych, kt\u00f3rzy publikuj\u0105 komentarze na stronach wykorzystuj\u0105cych us\u0142ug\u0119 ochrony przed spamem Akismet. Informacje, kt\u00f3re zbieramy zale\u017c\u0105 od tego, jak u\u017cytkownik skonfigurowa\u0142 Akismet dla strony, ale zwykle obejmuj\u0105 adres IP komentuj\u0105cego, jego user agent, adres odsy\u0142aj\u0105cy oraz adres strony (wraz z innymi informacjami dostarczonymi bezpo\u015brednio przez komentuj\u0105cego, takimi jak jego imi\u0119, nazwa u\u017cytkownika i sama tre\u015b\u0107 komentarza).<\/p>\n<p>&nbsp;<\/p>\n","protected":false},"excerpt":{"rendered":"<p>Ochrona prywatno\u015bci u\u017cytkownik\u00f3w serwisu https:\/\/latkaleca.pl\/ ma dla nas ogromne znaczenie. W zwi\u0105zku z tym publikujemy poni\u017csz\u0105 polityk\u0119 prywatno\u015bci i plik\u00f3w cookies, opisuj\u0105c\u0105 zasady post\u0119powania z danymi osobowymi oraz wykorzystywania plik\u00f3w cookies i innych technologii w ramach strony internetowej https:\/\/latkaleca.pl\/ Administratorem strony jest Dorota Trzci\u0144ska-Sieracka, prowadz\u0105ca dzia\u0142alno\u015b\u0107 gospodarcz\u0105 pod nazw\u0105 \u201enapiszemy.pl Dorota Trzci\u0144ska-Sieracka\u201d, ul. Jana Brzechwy [&hellip;]<\/p>\n","protected":false},"author":1,"featured_media":0,"parent":0,"menu_order":0,"comment_status":"closed","ping_status":"closed","template":"","meta":{"footnotes":""},"class_list":["post-49","page","type-page","status-publish","hentry"],"yoast_head":"<!-- This site is optimized with the Yoast SEO plugin v22.0 - https:\/\/yoast.com\/wordpress\/plugins\/seo\/ -->\n<title>Polityka prywatno\u015bci i plik\u00f3w Cookies - Latka Lec\u0105<\/title>\n<meta name=\"robots\" content=\"index, follow, max-snippet:-1, max-image-preview:large, max-video-preview:-1\" \/>\n<link rel=\"canonical\" href=\"https:\/\/latkaleca.pl\/index.php\/polityka-prywatnosci-i-plikow-cookies\/\" \/>\n<meta property=\"og:locale\" content=\"pl_PL\" \/>\n<meta property=\"og:type\" content=\"article\" \/>\n<meta property=\"og:title\" content=\"Polityka prywatno\u015bci i plik\u00f3w Cookies - Latka Lec\u0105\" \/>\n<meta property=\"og:description\" content=\"Ochrona prywatno\u015bci u\u017cytkownik\u00f3w serwisu https:\/\/latkaleca.pl\/ ma dla nas ogromne znaczenie. W zwi\u0105zku z tym publikujemy poni\u017csz\u0105 polityk\u0119 prywatno\u015bci i plik\u00f3w cookies, opisuj\u0105c\u0105 zasady post\u0119powania z danymi osobowymi oraz wykorzystywania plik\u00f3w cookies i innych technologii w ramach strony internetowej https:\/\/latkaleca.pl\/ Administratorem strony jest Dorota Trzci\u0144ska-Sieracka, prowadz\u0105ca dzia\u0142alno\u015b\u0107 gospodarcz\u0105 pod nazw\u0105 \u201enapiszemy.pl Dorota Trzci\u0144ska-Sieracka\u201d, ul. Jana Brzechwy [&hellip;]\" \/>\n<meta property=\"og:url\" content=\"https:\/\/latkaleca.pl\/index.php\/polityka-prywatnosci-i-plikow-cookies\/\" \/>\n<meta property=\"og:site_name\" content=\"Latka Lec\u0105\" \/>\n<meta name=\"twitter:card\" content=\"summary_large_image\" \/>\n<meta name=\"twitter:label1\" content=\"Szacowany czas czytania\" \/>\n\t<meta name=\"twitter:data1\" content=\"9 minut\" \/>\n<script type=\"application\/ld+json\" class=\"yoast-schema-graph\">{\"@context\":\"https:\/\/schema.org\",\"@graph\":[{\"@type\":\"WebPage\",\"@id\":\"https:\/\/latkaleca.pl\/index.php\/polityka-prywatnosci-i-plikow-cookies\/\",\"url\":\"https:\/\/latkaleca.pl\/index.php\/polityka-prywatnosci-i-plikow-cookies\/\",\"name\":\"Polityka prywatno\u015bci i plik\u00f3w Cookies - Latka Lec\u0105\",\"isPartOf\":{\"@id\":\"https:\/\/latkaleca.pl\/#website\"},\"datePublished\":\"2023-12-20T16:13:06+00:00\",\"dateModified\":\"2023-12-20T16:13:06+00:00\",\"breadcrumb\":{\"@id\":\"https:\/\/latkaleca.pl\/index.php\/polityka-prywatnosci-i-plikow-cookies\/#breadcrumb\"},\"inLanguage\":\"pl-PL\",\"potentialAction\":[{\"@type\":\"ReadAction\",\"target\":[\"https:\/\/latkaleca.pl\/index.php\/polityka-prywatnosci-i-plikow-cookies\/\"]}]},{\"@type\":\"BreadcrumbList\",\"@id\":\"https:\/\/latkaleca.pl\/index.php\/polityka-prywatnosci-i-plikow-cookies\/#breadcrumb\",\"itemListElement\":[{\"@type\":\"ListItem\",\"position\":1,\"name\":\"Strona g\u0142\u00f3wna\",\"item\":\"https:\/\/latkaleca.pl\/\"},{\"@type\":\"ListItem\",\"position\":2,\"name\":\"Polityka prywatno\u015bci i plik\u00f3w Cookies\"}]},{\"@type\":\"WebSite\",\"@id\":\"https:\/\/latkaleca.pl\/#website\",\"url\":\"https:\/\/latkaleca.pl\/\",\"name\":\"Latka Lec\u0105\",\"description\":\"Latka lec\u0105, a my ci\u0105gle m\u0142ode\",\"potentialAction\":[{\"@type\":\"SearchAction\",\"target\":{\"@type\":\"EntryPoint\",\"urlTemplate\":\"https:\/\/latkaleca.pl\/?s={search_term_string}\"},\"query-input\":\"required name=search_term_string\"}],\"inLanguage\":\"pl-PL\"}]}<\/script>\n<!-- \/ Yoast SEO plugin. -->","yoast_head_json":{"title":"Polityka prywatno\u015bci i plik\u00f3w Cookies - Latka Lec\u0105","robots":{"index":"index","follow":"follow","max-snippet":"max-snippet:-1","max-image-preview":"max-image-preview:large","max-video-preview":"max-video-preview:-1"},"canonical":"https:\/\/latkaleca.pl\/index.php\/polityka-prywatnosci-i-plikow-cookies\/","og_locale":"pl_PL","og_type":"article","og_title":"Polityka prywatno\u015bci i plik\u00f3w Cookies - Latka Lec\u0105","og_description":"Ochrona prywatno\u015bci u\u017cytkownik\u00f3w serwisu https:\/\/latkaleca.pl\/ ma dla nas ogromne znaczenie. W zwi\u0105zku z tym publikujemy poni\u017csz\u0105 polityk\u0119 prywatno\u015bci i plik\u00f3w cookies, opisuj\u0105c\u0105 zasady post\u0119powania z danymi osobowymi oraz wykorzystywania plik\u00f3w cookies i innych technologii w ramach strony internetowej https:\/\/latkaleca.pl\/ Administratorem strony jest Dorota Trzci\u0144ska-Sieracka, prowadz\u0105ca dzia\u0142alno\u015b\u0107 gospodarcz\u0105 pod nazw\u0105 \u201enapiszemy.pl Dorota Trzci\u0144ska-Sieracka\u201d, ul. Jana Brzechwy [&hellip;]","og_url":"https:\/\/latkaleca.pl\/index.php\/polityka-prywatnosci-i-plikow-cookies\/","og_site_name":"Latka Lec\u0105","twitter_card":"summary_large_image","twitter_misc":{"Szacowany czas czytania":"9 minut"},"schema":{"@context":"https:\/\/schema.org","@graph":[{"@type":"WebPage","@id":"https:\/\/latkaleca.pl\/index.php\/polityka-prywatnosci-i-plikow-cookies\/","url":"https:\/\/latkaleca.pl\/index.php\/polityka-prywatnosci-i-plikow-cookies\/","name":"Polityka prywatno\u015bci i plik\u00f3w Cookies - Latka Lec\u0105","isPartOf":{"@id":"https:\/\/latkaleca.pl\/#website"},"datePublished":"2023-12-20T16:13:06+00:00","dateModified":"2023-12-20T16:13:06+00:00","breadcrumb":{"@id":"https:\/\/latkaleca.pl\/index.php\/polityka-prywatnosci-i-plikow-cookies\/#breadcrumb"},"inLanguage":"pl-PL","potentialAction":[{"@type":"ReadAction","target":["https:\/\/latkaleca.pl\/index.php\/polityka-prywatnosci-i-plikow-cookies\/"]}]},{"@type":"BreadcrumbList","@id":"https:\/\/latkaleca.pl\/index.php\/polityka-prywatnosci-i-plikow-cookies\/#breadcrumb","itemListElement":[{"@type":"ListItem","position":1,"name":"Strona g\u0142\u00f3wna","item":"https:\/\/latkaleca.pl\/"},{"@type":"ListItem","position":2,"name":"Polityka prywatno\u015bci i plik\u00f3w Cookies"}]},{"@type":"WebSite","@id":"https:\/\/latkaleca.pl\/#website","url":"https:\/\/latkaleca.pl\/","name":"Latka Lec\u0105","description":"Latka lec\u0105, a my ci\u0105gle m\u0142ode","potentialAction":[{"@type":"SearchAction","target":{"@type":"EntryPoint","urlTemplate":"https:\/\/latkaleca.pl\/?s={search_term_string}"},"query-input":"required name=search_term_string"}],"inLanguage":"pl-PL"}]}},"_links":{"self":[{"href":"https:\/\/latkaleca.pl\/index.php\/wp-json\/wp\/v2\/pages\/49","targetHints":{"allow":["GET"]}}],"collection":[{"href":"https:\/\/latkaleca.pl\/index.php\/wp-json\/wp\/v2\/pages"}],"about":[{"href":"https:\/\/latkaleca.pl\/index.php\/wp-json\/wp\/v2\/types\/page"}],"author":[{"embeddable":true,"href":"https:\/\/latkaleca.pl\/index.php\/wp-json\/wp\/v2\/users\/1"}],"replies":[{"embeddable":true,"href":"https:\/\/latkaleca.pl\/index.php\/wp-json\/wp\/v2\/comments?post=49"}],"version-history":[{"count":1,"href":"https:\/\/latkaleca.pl\/index.php\/wp-json\/wp\/v2\/pages\/49\/revisions"}],"predecessor-version":[{"id":50,"href":"https:\/\/latkaleca.pl\/index.php\/wp-json\/wp\/v2\/pages\/49\/revisions\/50"}],"wp:attachment":[{"href":"https:\/\/latkaleca.pl\/index.php\/wp-json\/wp\/v2\/media?parent=49"}],"curies":[{"name":"wp","href":"https:\/\/api.w.org\/{rel}","templated":true}]}}