{"id":8,"date":"2022-04-05T12:49:11","date_gmt":"2022-04-05T12:49:11","guid":{"rendered":"https:\/\/latkaleca.pl\/?page_id=8"},"modified":"2022-04-05T12:49:11","modified_gmt":"2022-04-05T12:49:11","slug":"blog","status":"publish","type":"page","link":"https:\/\/latkaleca.pl\/index.php\/blog\/","title":{"rendered":"Blog"},"content":{"rendered":"","protected":false},"excerpt":{"rendered":"","protected":false},"author":1,"featured_media":0,"parent":0,"menu_order":0,"comment_status":"closed","ping_status":"closed","template":"","meta":{"footnotes":""},"class_list":["post-8","page","type-page","status-publish","hentry"],"yoast_head":"<!-- This site is optimized with the Yoast SEO plugin v22.0 - https:\/\/yoast.com\/wordpress\/plugins\/seo\/ -->\n<title>Blog - Latka Lec\u0105<\/title>\n<meta name=\"robots\" content=\"index, follow, max-snippet:-1, max-image-preview:large, max-video-preview:-1\" \/>\n<link rel=\"canonical\" href=\"https:\/\/latkaleca.pl\/index.php\/blog\/\" \/>\n<meta property=\"og:locale\" content=\"pl_PL\" \/>\n<meta property=\"og:type\" content=\"article\" \/>\n<meta property=\"og:title\" content=\"Blog - Latka Lec\u0105\" \/>\n<meta property=\"og:url\" content=\"https:\/\/latkaleca.pl\/index.php\/blog\/\" \/>\n<meta property=\"og:site_name\" content=\"Latka Lec\u0105\" \/>\n<meta name=\"twitter:card\" content=\"summary_large_image\" \/>\n<script type=\"application\/ld+json\" class=\"yoast-schema-graph\">{\"@context\":\"https:\/\/schema.org\",\"@graph\":[{\"@type\":[\"WebPage\",\"CollectionPage\"],\"@id\":\"https:\/\/latkaleca.pl\/index.php\/blog\/\",\"url\":\"https:\/\/latkaleca.pl\/index.php\/blog\/\",\"name\":\"Blog - Latka Lec\u0105\",\"isPartOf\":{\"@id\":\"https:\/\/latkaleca.pl\/#website\"},\"datePublished\":\"2022-04-05T12:49:11+00:00\",\"dateModified\":\"2022-04-05T12:49:11+00:00\",\"breadcrumb\":{\"@id\":\"https:\/\/latkaleca.pl\/index.php\/blog\/#breadcrumb\"},\"inLanguage\":\"pl-PL\"},{\"@type\":\"BreadcrumbList\",\"@id\":\"https:\/\/latkaleca.pl\/index.php\/blog\/#breadcrumb\",\"itemListElement\":[{\"@type\":\"ListItem\",\"position\":1,\"name\":\"Strona g\u0142\u00f3wna\",\"item\":\"https:\/\/latkaleca.pl\/\"},{\"@type\":\"ListItem\",\"position\":2,\"name\":\"Blog\"}]},{\"@type\":\"WebSite\",\"@id\":\"https:\/\/latkaleca.pl\/#website\",\"url\":\"https:\/\/latkaleca.pl\/\",\"name\":\"Latka Lec\u0105\",\"description\":\"Latka lec\u0105, a my ci\u0105gle m\u0142ode\",\"potentialAction\":[{\"@type\":\"SearchAction\",\"target\":{\"@type\":\"EntryPoint\",\"urlTemplate\":\"https:\/\/latkaleca.pl\/?s={search_term_string}\"},\"query-input\":\"required name=search_term_string\"}],\"inLanguage\":\"pl-PL\"}]}<\/script>\n<!-- \/ Yoast SEO plugin. -->","yoast_head_json":{"title":"Blog - Latka Lec\u0105","robots":{"index":"index","follow":"follow","max-snippet":"max-snippet:-1","max-image-preview":"max-image-preview:large","max-video-preview":"max-video-preview:-1"},"canonical":"https:\/\/latkaleca.pl\/index.php\/blog\/","og_locale":"pl_PL","og_type":"article","og_title":"Blog - Latka Lec\u0105","og_url":"https:\/\/latkaleca.pl\/index.php\/blog\/","og_site_name":"Latka Lec\u0105","twitter_card":"summary_large_image","schema":{"@context":"https:\/\/schema.org","@graph":[{"@type":["WebPage","CollectionPage"],"@id":"https:\/\/latkaleca.pl\/index.php\/blog\/","url":"https:\/\/latkaleca.pl\/index.php\/blog\/","name":"Blog - Latka Lec\u0105","isPartOf":{"@id":"https:\/\/latkaleca.pl\/#website"},"datePublished":"2022-04-05T12:49:11+00:00","dateModified":"2022-04-05T12:49:11+00:00","breadcrumb":{"@id":"https:\/\/latkaleca.pl\/index.php\/blog\/#breadcrumb"},"inLanguage":"pl-PL"},{"@type":"BreadcrumbList","@id":"https:\/\/latkaleca.pl\/index.php\/blog\/#breadcrumb","itemListElement":[{"@type":"ListItem","position":1,"name":"Strona g\u0142\u00f3wna","item":"https:\/\/latkaleca.pl\/"},{"@type":"ListItem","position":2,"name":"Blog"}]},{"@type":"WebSite","@id":"https:\/\/latkaleca.pl\/#website","url":"https:\/\/latkaleca.pl\/","name":"Latka Lec\u0105","description":"Latka lec\u0105, a my ci\u0105gle m\u0142ode","potentialAction":[{"@type":"SearchAction","target":{"@type":"EntryPoint","urlTemplate":"https:\/\/latkaleca.pl\/?s={search_term_string}"},"query-input":"required name=search_term_string"}],"inLanguage":"pl-PL"}]}},"_links":{"self":[{"href":"https:\/\/latkaleca.pl\/index.php\/wp-json\/wp\/v2\/pages\/8","targetHints":{"allow":["GET"]}}],"collection":[{"href":"https:\/\/latkaleca.pl\/index.php\/wp-json\/wp\/v2\/pages"}],"about":[{"href":"https:\/\/latkaleca.pl\/index.php\/wp-json\/wp\/v2\/types\/page"}],"author":[{"embeddable":true,"href":"https:\/\/latkaleca.pl\/index.php\/wp-json\/wp\/v2\/users\/1"}],"replies":[{"embeddable":true,"href":"https:\/\/latkaleca.pl\/index.php\/wp-json\/wp\/v2\/comments?post=8"}],"version-history":[{"count":1,"href":"https:\/\/latkaleca.pl\/index.php\/wp-json\/wp\/v2\/pages\/8\/revisions"}],"predecessor-version":[{"id":13,"href":"https:\/\/latkaleca.pl\/index.php\/wp-json\/wp\/v2\/pages\/8\/revisions\/13"}],"wp:attachment":[{"href":"https:\/\/latkaleca.pl\/index.php\/wp-json\/wp\/v2\/media?parent=8"}],"curies":[{"name":"wp","href":"https:\/\/api.w.org\/{rel}","templated":true}]}}